{"id":6,"date":"2024-01-23T10:50:30","date_gmt":"2024-01-23T10:50:30","guid":{"rendered":"https:\/\/archi2.oceanthemes.site\/painting\/?page_id=6"},"modified":"2026-03-04T11:56:50","modified_gmt":"2026-03-04T10:56:50","slug":"home-painting","status":"publish","type":"page","link":"https:\/\/construevo.com\/","title":{"rendered":"Home painting"},"content":{"rendered":"\t\t<div data-elementor-type=\"wp-page\" data-elementor-id=\"6\" class=\"elementor elementor-6\">\n\t\t\t\t<div class=\"elementor-element elementor-element-375e5a2 ot-jarallax e-flex e-con-boxed e-con e-parent\" data-id=\"375e5a2\" data-element_type=\"container\" data-e-type=\"container\" data-settings=\"{&quot;background_background&quot;:&quot;classic&quot;}\">\n\t\t\t\t\t<div class=\"e-con-inner\">\n\t\t<div class=\"elementor-element elementor-element-ec0767a e-con-full e-flex e-con e-child\" data-id=\"ec0767a\" data-element_type=\"container\" data-e-type=\"container\">\n\t\t\t\t<div class=\"elementor-element elementor-element-551b271 elementor-widget elementor-widget-heading\" data-id=\"551b271\" data-element_type=\"widget\" data-e-type=\"widget\" data-widget_type=\"heading.default\">\n\t\t\t\t<div class=\"elementor-widget-container\">\n\t\t\t\t\t<h1 class=\"elementor-heading-title elementor-size-default\">Expertos en la rehabilitaci\u00f3n de edificios y viviendas con garant\u00eda, calidad y compromiso.<\/h1>\t\t\t\t<\/div>\n\t\t\t\t<\/div>\n\t\t\t\t<div class=\"elementor-element elementor-element-03ca837 elementor-widget elementor-widget-text-editor\" data-id=\"03ca837\" data-element_type=\"widget\" data-e-type=\"widget\" data-widget_type=\"text-editor.default\">\n\t\t\t\t<div class=\"elementor-widget-container\">\n\t\t\t\t\t\t\t\t\t<p>En Construevo contamos con un equipo especializado en la rehabilitaci\u00f3n integral de edificios, fachadas, viviendas y locales, ofreciendo soluciones duraderas, seguras y adaptadas a cada proyecto. Nuestra experiencia y compromiso nos avalan.<\/p>\t\t\t\t\t\t\t\t<\/div>\n\t\t\t\t<\/div>\n\t\t\t\t<div class=\"elementor-element elementor-element-edacf77 elementor-widget elementor-widget-ot-btn\" data-id=\"edacf77\" data-element_type=\"widget\" data-e-type=\"widget\" data-widget_type=\"ot-btn.default\">\n\t\t\t\t<div class=\"elementor-widget-container\">\n\t\t\t\t\t\t\t<div class=\"ot-button-wrapper\">\r\n\t\t\t<a href=\"#\" class=\"octf-btn\">\r\n\t\t\t\tContacto\t\t\t\t\t\t\t<\/a>\r\n\t    <\/div>\r\n\t    \t\t\t\t<\/div>\n\t\t\t\t<\/div>\n\t\t\t\t<\/div>\n\t\t<div class=\"elementor-element elementor-element-edc5380 e-con-full e-flex e-con e-child\" data-id=\"edc5380\" data-element_type=\"container\" data-e-type=\"container\">\n\t\t\t\t<div class=\"elementor-element elementor-element-66deeaa elementor-widget elementor-widget-image\" data-id=\"66deeaa\" data-element_type=\"widget\" data-e-type=\"widget\" data-widget_type=\"image.default\">\n\t\t\t\t<div class=\"elementor-widget-container\">\n\t\t\t\t\t\t\t\t\t\t\t\t\t\t\t<img fetchpriority=\"high\" decoding=\"async\" width=\"1024\" height=\"574\" src=\"https:\/\/construevo.com\/wp-content\/uploads\/2025\/05\/sate.jpg\" class=\"attachment-large size-large wp-image-142\" alt=\"\" srcset=\"https:\/\/construevo.com\/wp-content\/uploads\/2025\/05\/sate.jpg 1024w, https:\/\/construevo.com\/wp-content\/uploads\/2025\/05\/sate-300x168.jpg 300w, https:\/\/construevo.com\/wp-content\/uploads\/2025\/05\/sate-768x431.jpg 768w\" sizes=\"(max-width: 1024px) 100vw, 1024px\" \/>\t\t\t\t\t\t\t\t\t\t\t\t\t\t\t<\/div>\n\t\t\t\t<\/div>\n\t\t\t\t<\/div>\n\t\t\t\t\t<\/div>\n\t\t\t\t<\/div>\n\t\t<div class=\"elementor-element elementor-element-a030c2a e-grid e-con-boxed e-con e-parent\" data-id=\"a030c2a\" data-element_type=\"container\" data-e-type=\"container\" data-settings=\"{&quot;background_background&quot;:&quot;classic&quot;}\">\n\t\t\t\t\t<div class=\"e-con-inner\">\n\t\t\t\t<div class=\"elementor-element elementor-element-36479a4 elementor-invisible elementor-widget elementor-widget-ot-service-box\" data-id=\"36479a4\" data-element_type=\"widget\" data-e-type=\"widget\" data-settings=\"{&quot;_animation&quot;:&quot;fadeInUp&quot;}\" data-widget_type=\"ot-service-box.default\">\n\t\t\t\t<div class=\"elementor-widget-container\">\n\t\t\t\t\t\r\n\t\t<div class=\"ot-service-box\">\r\n\t\t\t<img decoding=\"async\" src=\"https:\/\/construevo.com\/wp-content\/uploads\/2025\/05\/cubiertas-e1748187089954.jpg\" title=\"cubiertas\" alt=\"cubiertas\" loading=\"lazy\" \/>\t\t\t<div class=\"ot-service-box__content\">\r\n\t\t\t\t<h3 class=\"ot-service-box__title\">Rehabilitaci\u00f3n de cubiertas<\/h3>\t\t\t\t\t\t\t\t\t<p class=\"ot-service-box__desc\">\r\n\t\t\t\t\t\tReparaci\u00f3n y mejora de cubiertas para garantizar impermeabilidad, aislamiento t\u00e9rmico y durabilidad frente a filtraciones y desgaste.\n\n\t\t\t\t\t<\/p>\r\n\t\t\t\t\r\n\t\t\t\t\t\t\t<\/div>\r\n\t\t\t\r\n\t    <\/div>\r\n\r\n\t    \t\t\t\t<\/div>\n\t\t\t\t<\/div>\n\t\t\t\t<div class=\"elementor-element elementor-element-e3cc08e elementor-invisible elementor-widget elementor-widget-ot-service-box\" data-id=\"e3cc08e\" data-element_type=\"widget\" data-e-type=\"widget\" data-settings=\"{&quot;_animation&quot;:&quot;fadeInUp&quot;,&quot;_animation_delay&quot;:200}\" data-widget_type=\"ot-service-box.default\">\n\t\t\t\t<div class=\"elementor-widget-container\">\n\t\t\t\t\t\r\n\t\t<div class=\"ot-service-box\">\r\n\t\t\t<img decoding=\"async\" src=\"https:\/\/construevo.com\/wp-content\/uploads\/2025\/05\/andamios1.jpg\" title=\"andamios1\" alt=\"andamios1\" loading=\"lazy\" \/>\t\t\t<div class=\"ot-service-box__content\">\r\n\t\t\t\t<h3 class=\"ot-service-box__title\">Rehabilitaci\u00f3n de fachadas<\/h3>\t\t\t\t\t\t\t\t\t<p class=\"ot-service-box__desc\">\r\n\t\t\t\t\t\tReparaci\u00f3n de fachadas para mejorar su seguridad, est\u00e9tica, da\u00f1os estructurales, filtraciones y desgaste por el paso del tiempo.\n\n\t\t\t\t\t<\/p>\r\n\t\t\t\t\r\n\t\t\t\t\t\t\t<\/div>\r\n\t\t\t\r\n\t    <\/div>\r\n\r\n\t    \t\t\t\t<\/div>\n\t\t\t\t<\/div>\n\t\t\t\t<div class=\"elementor-element elementor-element-c84e8c3 elementor-invisible elementor-widget elementor-widget-ot-service-box\" data-id=\"c84e8c3\" data-element_type=\"widget\" data-e-type=\"widget\" data-settings=\"{&quot;_animation&quot;:&quot;fadeInUp&quot;,&quot;_animation_delay&quot;:400}\" data-widget_type=\"ot-service-box.default\">\n\t\t\t\t<div class=\"elementor-widget-container\">\n\t\t\t\t\t\r\n\t\t<div class=\"ot-service-box\">\r\n\t\t\t<img decoding=\"async\" src=\"https:\/\/construevo.com\/wp-content\/uploads\/2025\/05\/estructuras-e1748200537687.jpg\" title=\"estructuras\" alt=\"estructuras\" loading=\"lazy\" \/>\t\t\t<div class=\"ot-service-box__content\">\r\n\t\t\t\t<h3 class=\"ot-service-box__title\">Rehabilitaci\u00f3n estructural<\/h3>\t\t\t\t\t\t\t\t\t<p class=\"ot-service-box__desc\">\r\n\t\t\t\t\t\tReparaci\u00f3n y refuerzo de elementos estructurales para garantizar la seguridad, estabilidad y durabilidad del edificio a largo plazo.\t\t\t\t\t<\/p>\r\n\t\t\t\t\r\n\t\t\t\t\t\t\t<\/div>\r\n\t\t\t\r\n\t    <\/div>\r\n\r\n\t    \t\t\t\t<\/div>\n\t\t\t\t<\/div>\n\t\t\t\t<div class=\"elementor-element elementor-element-a413e71 elementor-invisible elementor-widget elementor-widget-ot-service-box\" data-id=\"a413e71\" data-element_type=\"widget\" data-e-type=\"widget\" data-settings=\"{&quot;_animation&quot;:&quot;fadeInUp&quot;,&quot;_animation_delay&quot;:600}\" data-widget_type=\"ot-service-box.default\">\n\t\t\t\t<div class=\"elementor-widget-container\">\n\t\t\t\t\t\r\n\t\t<div class=\"ot-service-box\">\r\n\t\t\t<img decoding=\"async\" src=\"https:\/\/construevo.com\/wp-content\/uploads\/2025\/05\/verticales-e1748200964424.jpg\" title=\"verticales\" alt=\"verticales\" loading=\"lazy\" \/>\t\t\t<div class=\"ot-service-box__content\">\r\n\t\t\t\t<h3 class=\"ot-service-box__title\">Trabajos verticales<\/h3>\t\t\t\t\t\t\t\t\t<p class=\"ot-service-box__desc\">\r\n\t\t\t\t\t\tT\u00e9cnicas de acceso y trabajo en altura mediante cuerdas, ideales para intervenir en zonas de dif\u00edcil acceso sin andamios ni gr\u00faas.\t\t\t\t\t<\/p>\r\n\t\t\t\t\r\n\t\t\t\t\t\t\t<\/div>\r\n\t\t\t\r\n\t    <\/div>\r\n\r\n\t    \t\t\t\t<\/div>\n\t\t\t\t<\/div>\n\t\t\t\t\t<\/div>\n\t\t\t\t<\/div>\n\t\t<div class=\"elementor-element elementor-element-cb59b75 e-flex e-con-boxed e-con e-parent\" data-id=\"cb59b75\" data-element_type=\"container\" data-e-type=\"container\" data-settings=\"{&quot;background_background&quot;:&quot;classic&quot;}\">\n\t\t\t\t\t<div class=\"e-con-inner\">\n\t\t<div class=\"elementor-element elementor-element-f5b6bdf e-con-full e-flex e-con e-child\" data-id=\"f5b6bdf\" data-element_type=\"container\" data-e-type=\"container\">\n\t\t<div class=\"elementor-element elementor-element-8686557 e-flex e-con-boxed e-con e-child\" data-id=\"8686557\" data-element_type=\"container\" data-e-type=\"container\">\n\t\t\t\t\t<div class=\"e-con-inner\">\n\t\t\t\t<div class=\"elementor-element elementor-element-58adb25 elementor-invisible elementor-widget elementor-widget-image\" data-id=\"58adb25\" data-element_type=\"widget\" data-e-type=\"widget\" data-settings=\"{&quot;_animation&quot;:&quot;fadeIn&quot;,&quot;_animation_delay&quot;:250}\" data-widget_type=\"image.default\">\n\t\t\t\t<div class=\"elementor-widget-container\">\n\t\t\t\t\t\t\t\t\t\t\t\t\t\t\t<img decoding=\"async\" width=\"800\" height=\"533\" src=\"https:\/\/construevo.com\/wp-content\/uploads\/2024\/01\/home-painting-misc-1.jpg\" class=\"attachment-full size-full wp-image-36\" alt=\"\" srcset=\"https:\/\/construevo.com\/wp-content\/uploads\/2024\/01\/home-painting-misc-1.jpg 800w, https:\/\/construevo.com\/wp-content\/uploads\/2024\/01\/home-painting-misc-1-300x200.jpg 300w, https:\/\/construevo.com\/wp-content\/uploads\/2024\/01\/home-painting-misc-1-768x512.jpg 768w\" sizes=\"(max-width: 800px) 100vw, 800px\" \/>\t\t\t\t\t\t\t\t\t\t\t\t\t\t\t<\/div>\n\t\t\t\t<\/div>\n\t\t\t\t<div class=\"elementor-element elementor-element-90a2549 elementor-widget__width-initial elementor-absolute elementor-hidden-tablet elementor-hidden-mobile elementor-invisible elementor-widget elementor-widget-image\" data-id=\"90a2549\" data-element_type=\"widget\" data-e-type=\"widget\" data-settings=\"{&quot;_position&quot;:&quot;absolute&quot;,&quot;_animation&quot;:&quot;fadeIn&quot;}\" data-widget_type=\"image.default\">\n\t\t\t\t<div class=\"elementor-widget-container\">\n\t\t\t\t\t\t\t\t\t\t\t\t\t\t\t<img decoding=\"async\" width=\"800\" height=\"533\" src=\"https:\/\/construevo.com\/wp-content\/uploads\/2024\/01\/home-painting-misc-3.jpg\" class=\"attachment-full size-full wp-image-37\" alt=\"\" srcset=\"https:\/\/construevo.com\/wp-content\/uploads\/2024\/01\/home-painting-misc-3.jpg 800w, https:\/\/construevo.com\/wp-content\/uploads\/2024\/01\/home-painting-misc-3-300x200.jpg 300w, https:\/\/construevo.com\/wp-content\/uploads\/2024\/01\/home-painting-misc-3-768x512.jpg 768w\" sizes=\"(max-width: 800px) 100vw, 800px\" \/>\t\t\t\t\t\t\t\t\t\t\t\t\t\t\t<\/div>\n\t\t\t\t<\/div>\n\t\t\t\t<div class=\"elementor-element elementor-element-24060dd elementor-widget__width-initial elementor-absolute elementor-hidden-tablet elementor-hidden-mobile elementor-invisible elementor-widget elementor-widget-image\" data-id=\"24060dd\" data-element_type=\"widget\" data-e-type=\"widget\" data-settings=\"{&quot;_position&quot;:&quot;absolute&quot;,&quot;_animation&quot;:&quot;fadeIn&quot;}\" data-widget_type=\"image.default\">\n\t\t\t\t<div class=\"elementor-widget-container\">\n\t\t\t\t\t\t\t\t\t\t\t\t\t\t\t<img loading=\"lazy\" decoding=\"async\" width=\"800\" height=\"533\" src=\"https:\/\/construevo.com\/wp-content\/uploads\/2024\/01\/home-painting-misc-2.jpg\" class=\"attachment-full size-full wp-image-38\" alt=\"\" srcset=\"https:\/\/construevo.com\/wp-content\/uploads\/2024\/01\/home-painting-misc-2.jpg 800w, https:\/\/construevo.com\/wp-content\/uploads\/2024\/01\/home-painting-misc-2-300x200.jpg 300w, https:\/\/construevo.com\/wp-content\/uploads\/2024\/01\/home-painting-misc-2-768x512.jpg 768w\" sizes=\"(max-width: 800px) 100vw, 800px\" \/>\t\t\t\t\t\t\t\t\t\t\t\t\t\t\t<\/div>\n\t\t\t\t<\/div>\n\t\t\t\t\t<\/div>\n\t\t\t\t<\/div>\n\t\t\t\t<\/div>\n\t\t<div class=\"elementor-element elementor-element-e25396a e-con-full e-flex elementor-invisible e-con e-child\" data-id=\"e25396a\" data-element_type=\"container\" data-e-type=\"container\" data-settings=\"{&quot;animation&quot;:&quot;fadeIn&quot;}\">\n\t\t\t\t<div class=\"elementor-element elementor-element-2cc309d elementor-widget elementor-widget-heading\" data-id=\"2cc309d\" data-element_type=\"widget\" data-e-type=\"widget\" data-widget_type=\"heading.default\">\n\t\t\t\t<div class=\"elementor-widget-container\">\n\t\t\t\t\t<h2 class=\"elementor-heading-title elementor-size-default\">Servicios integrales para la construcci\u00f3n<\/h2>\t\t\t\t<\/div>\n\t\t\t\t<\/div>\n\t\t\t\t<div class=\"elementor-element elementor-element-3f6cb3e elementor-widget elementor-widget-text-editor\" data-id=\"3f6cb3e\" data-element_type=\"widget\" data-e-type=\"widget\" data-widget_type=\"text-editor.default\">\n\t\t\t\t<div class=\"elementor-widget-container\">\n\t\t\t\t\t\t\t\t\t<p>Sabemos lo importante que es para ti sentirte tranquilo durante una obra o reforma. Por eso, ofrecemos un servicio integral que cubre cada etapa del proyecto: desde el primer plano hasta los \u00faltimos acabados. Nos ocupamos de todo para que no tengas que preocuparte por nada. Nuestro compromiso es que vivas el proceso con confianza, seguridad y la certeza de que tu proyecto est\u00e1 en las mejores manos.<\/p>\t\t\t\t\t\t\t\t<\/div>\n\t\t\t\t<\/div>\n\t\t\t\t<\/div>\n\t\t\t\t\t<\/div>\n\t\t\t\t<\/div>\n\t\t<div class=\"elementor-element elementor-element-136ada3 ot-jarallax e-flex e-con-boxed e-con e-parent\" data-id=\"136ada3\" data-element_type=\"container\" data-e-type=\"container\" data-settings=\"{&quot;background_background&quot;:&quot;classic&quot;}\">\n\t\t\t\t\t<div class=\"e-con-inner\">\n\t\t<div class=\"elementor-element elementor-element-0389fe9 e-con-full e-flex e-con e-child\" data-id=\"0389fe9\" data-element_type=\"container\" data-e-type=\"container\" data-settings=\"{&quot;background_background&quot;:&quot;slideshow&quot;,&quot;background_slideshow_gallery&quot;:[],&quot;background_slideshow_loop&quot;:&quot;yes&quot;,&quot;background_slideshow_slide_duration&quot;:5000,&quot;background_slideshow_slide_transition&quot;:&quot;fade&quot;,&quot;background_slideshow_transition_duration&quot;:500}\">\n\t\t\t\t<div class=\"elementor-element elementor-element-5fe059e elementor-invisible elementor-widget elementor-widget-heading\" data-id=\"5fe059e\" data-element_type=\"widget\" data-e-type=\"widget\" data-settings=\"{&quot;_animation&quot;:&quot;fadeInUp&quot;,&quot;_animation_delay&quot;:400}\" data-widget_type=\"heading.default\">\n\t\t\t\t<div class=\"elementor-widget-container\">\n\t\t\t\t\t<h2 class=\"elementor-heading-title elementor-size-default\">Reformas integrales y obra neuva<\/h2>\t\t\t\t<\/div>\n\t\t\t\t<\/div>\n\t\t\t\t<\/div>\n\t\t<div class=\"elementor-element elementor-element-31a28ad e-con-full e-flex elementor-invisible e-con e-child\" data-id=\"31a28ad\" data-element_type=\"container\" data-e-type=\"container\" data-settings=\"{&quot;animation&quot;:&quot;fadeInUp&quot;}\">\n\t\t\t\t<div class=\"elementor-element elementor-element-c1cf355 elementor-widget elementor-widget-text-editor\" data-id=\"c1cf355\" data-element_type=\"widget\" data-e-type=\"widget\" data-widget_type=\"text-editor.default\">\n\t\t\t\t<div class=\"elementor-widget-container\">\n\t\t\t\t\t\t\t\t\t<p>Somos especialistas en <strong data-start=\"264\" data-end=\"312\">reformas integrales y parciales de viviendas<\/strong>, combinando calidad, dise\u00f1o y funcionalidad para crear espacios \u00fanicos y adaptados a tus necesidades.<br data-start=\"416\" data-end=\"419\" \/>Nos encargamos de todo el proceso: desde la planificaci\u00f3n y el dise\u00f1o, hasta la ejecuci\u00f3n y los acabados finales, asegurando siempre <strong data-start=\"552\" data-end=\"622\">plazos cumplidos, materiales de primera calidad y un trato cercano<\/strong>.<\/p>\t\t\t\t\t\t\t\t<\/div>\n\t\t\t\t<\/div>\n\t\t\t\t<div class=\"elementor-element elementor-element-403b936 elementor-invisible elementor-widget elementor-widget-ot-btn\" data-id=\"403b936\" data-element_type=\"widget\" data-e-type=\"widget\" data-settings=\"{&quot;_animation&quot;:&quot;fadeInUp&quot;}\" data-widget_type=\"ot-btn.default\">\n\t\t\t\t<div class=\"elementor-widget-container\">\n\t\t\t\t\t\t\t<div class=\"ot-button-wrapper\">\r\n\t\t\t<a href=\"#\" class=\"octf-btn\">\r\n\t\t\t\tM\u00e1s informaci\u00f3n\t\t\t\t\t\t\t<\/a>\r\n\t    <\/div>\r\n\t    \t\t\t\t<\/div>\n\t\t\t\t<\/div>\n\t\t\t\t<\/div>\n\t\t\t\t\t<\/div>\n\t\t\t\t<\/div>\n\t\t<div class=\"elementor-element elementor-element-8055dce e-flex e-con-boxed e-con e-parent\" data-id=\"8055dce\" data-element_type=\"container\" data-e-type=\"container\" data-settings=\"{&quot;background_background&quot;:&quot;classic&quot;}\">\n\t\t\t\t\t<div class=\"e-con-inner\">\n\t\t<div class=\"elementor-element elementor-element-f29fa58 e-grid e-con-boxed e-con e-child\" data-id=\"f29fa58\" data-element_type=\"container\" data-e-type=\"container\">\n\t\t\t\t\t<div class=\"e-con-inner\">\n\t\t\t\t<div class=\"elementor-element elementor-element-c06ead6 elementor-view-stacked elementor-position-inline-start elementor-shape-circle elementor-mobile-position-block-start elementor-invisible elementor-widget elementor-widget-icon-box\" data-id=\"c06ead6\" data-element_type=\"widget\" data-e-type=\"widget\" data-settings=\"{&quot;_animation&quot;:&quot;fadeIn&quot;}\" data-widget_type=\"icon-box.default\">\n\t\t\t\t<div class=\"elementor-widget-container\">\n\t\t\t\t\t\t\t<div class=\"elementor-icon-box-wrapper\">\n\n\t\t\t\t\t\t<div class=\"elementor-icon-box-icon\">\n\t\t\t\t<span  class=\"elementor-icon\">\n\t\t\t\t<i aria-hidden=\"true\" class=\" icon_ribbon_alt\"><\/i>\t\t\t\t<\/span>\n\t\t\t<\/div>\n\t\t\t\n\t\t\t\t\t\t<div class=\"elementor-icon-box-content\">\n\n\t\t\t\t\t\t\t\t\t<h3 class=\"elementor-icon-box-title\">\n\t\t\t\t\t\t<span  >\n\t\t\t\t\t\t\tCalidad\t\t\t\t\t\t<\/span>\n\t\t\t\t\t<\/h3>\n\t\t\t\t\n\t\t\t\t\t\t\t\t\t<p class=\"elementor-icon-box-description\">\n\t\t\t\t\t\tNos encargamos de buscarte la mejor soluci\u00f3n a tus necesidades ofreci\u00e9ndote la m\u00e1xima calidad\t\t\t\t\t<\/p>\n\t\t\t\t\n\t\t\t<\/div>\n\t\t\t\n\t\t<\/div>\n\t\t\t\t\t\t<\/div>\n\t\t\t\t<\/div>\n\t\t\t\t<div class=\"elementor-element elementor-element-13a6464 elementor-view-stacked elementor-position-inline-start elementor-shape-circle elementor-mobile-position-block-start elementor-invisible elementor-widget elementor-widget-icon-box\" data-id=\"13a6464\" data-element_type=\"widget\" data-e-type=\"widget\" data-settings=\"{&quot;_animation&quot;:&quot;fadeIn&quot;,&quot;_animation_delay&quot;:500}\" data-widget_type=\"icon-box.default\">\n\t\t\t\t<div class=\"elementor-widget-container\">\n\t\t\t\t\t\t\t<div class=\"elementor-icon-box-wrapper\">\n\n\t\t\t\t\t\t<div class=\"elementor-icon-box-icon\">\n\t\t\t\t<span  class=\"elementor-icon\">\n\t\t\t\t<i aria-hidden=\"true\" class=\" icon_star_alt\"><\/i>\t\t\t\t<\/span>\n\t\t\t<\/div>\n\t\t\t\n\t\t\t\t\t\t<div class=\"elementor-icon-box-content\">\n\n\t\t\t\t\t\t\t\t\t<h3 class=\"elementor-icon-box-title\">\n\t\t\t\t\t\t<span  >\n\t\t\t\t\t\t\tConfianza\t\t\t\t\t\t<\/span>\n\t\t\t\t\t<\/h3>\n\t\t\t\t\n\t\t\t\t\t\t\t\t\t<p class=\"elementor-icon-box-description\">\n\t\t\t\t\t\tGestionamos cada proyecto con la m\u00e1xima dedicaci\u00f3n. Tu \u00e9xito, nuestro \u00e9xito\t\t\t\t\t<\/p>\n\t\t\t\t\n\t\t\t<\/div>\n\t\t\t\n\t\t<\/div>\n\t\t\t\t\t\t<\/div>\n\t\t\t\t<\/div>\n\t\t\t\t<div class=\"elementor-element elementor-element-666a416 elementor-view-stacked elementor-position-inline-start elementor-shape-circle elementor-mobile-position-block-start elementor-invisible elementor-widget elementor-widget-icon-box\" data-id=\"666a416\" data-element_type=\"widget\" data-e-type=\"widget\" data-settings=\"{&quot;_animation&quot;:&quot;fadeIn&quot;,&quot;_animation_delay&quot;:1000}\" data-widget_type=\"icon-box.default\">\n\t\t\t\t<div class=\"elementor-widget-container\">\n\t\t\t\t\t\t\t<div class=\"elementor-icon-box-wrapper\">\n\n\t\t\t\t\t\t<div class=\"elementor-icon-box-icon\">\n\t\t\t\t<span  class=\"elementor-icon\">\n\t\t\t\t<i aria-hidden=\"true\" class=\" icon_comment_alt\"><\/i>\t\t\t\t<\/span>\n\t\t\t<\/div>\n\t\t\t\n\t\t\t\t\t\t<div class=\"elementor-icon-box-content\">\n\n\t\t\t\t\t\t\t\t\t<h3 class=\"elementor-icon-box-title\">\n\t\t\t\t\t\t<span  >\n\t\t\t\t\t\t\tAsesoramiento\t\t\t\t\t\t<\/span>\n\t\t\t\t\t<\/h3>\n\t\t\t\t\n\t\t\t\t\t\t\t\t\t<p class=\"elementor-icon-box-description\">\n\t\t\t\t\t\tSi tienes dudas o hay cosas que no tienes claras, te ayudamos con tu proyecto para definir hasta el \u00faltimo detalle\t\t\t\t\t<\/p>\n\t\t\t\t\n\t\t\t<\/div>\n\t\t\t\n\t\t<\/div>\n\t\t\t\t\t\t<\/div>\n\t\t\t\t<\/div>\n\t\t\t\t\t<\/div>\n\t\t\t\t<\/div>\n\t\t\t\t\t<\/div>\n\t\t\t\t<\/div>\n\t\t<div class=\"elementor-element elementor-element-9554e9f e-con-full e-flex e-con e-parent\" data-id=\"9554e9f\" data-element_type=\"container\" data-e-type=\"container\" data-settings=\"{&quot;background_background&quot;:&quot;classic&quot;}\">\n\t\t<div class=\"elementor-element elementor-element-2fb2f85 e-con-full e-flex e-con e-child\" data-id=\"2fb2f85\" data-element_type=\"container\" data-e-type=\"container\">\n\t\t\t\t<div class=\"elementor-element elementor-element-13c9635 elementor-widget elementor-widget-heading\" data-id=\"13c9635\" data-element_type=\"widget\" data-e-type=\"widget\" data-widget_type=\"heading.default\">\n\t\t\t\t<div class=\"elementor-widget-container\">\n\t\t\t\t\t<h3 class=\"elementor-heading-title elementor-size-default\">Recent Works<\/h3>\t\t\t\t<\/div>\n\t\t\t\t<\/div>\n\t\t\t\t<\/div>\n\t\t\t\t<\/div>\n\t\t\t\t<\/div>\n\t\t","protected":false},"excerpt":{"rendered":"<p>Expertos en la rehabilitaci\u00f3n de edificios y viviendas con garant\u00eda, calidad y compromiso. En Construevo contamos con un equipo especializado en la rehabilitaci\u00f3n integral de edificios, fachadas, viviendas y locales, ofreciendo soluciones duraderas, seguras y adaptadas a cada proyecto. Nuestra experiencia y compromiso nos avalan. Contacto Rehabilitaci\u00f3n de cubiertas Reparaci\u00f3n y mejora de cubiertas para [&hellip;]<\/p>\n","protected":false},"author":2,"featured_media":0,"parent":0,"menu_order":0,"comment_status":"closed","ping_status":"closed","template":"","meta":{"footnotes":""},"class_list":["post-6","page","type-page","status-publish","hentry"],"_links":{"self":[{"href":"https:\/\/construevo.com\/index.php?rest_route=\/wp\/v2\/pages\/6","targetHints":{"allow":["GET"]}}],"collection":[{"href":"https:\/\/construevo.com\/index.php?rest_route=\/wp\/v2\/pages"}],"about":[{"href":"https:\/\/construevo.com\/index.php?rest_route=\/wp\/v2\/types\/page"}],"author":[{"embeddable":true,"href":"https:\/\/construevo.com\/index.php?rest_route=\/wp\/v2\/users\/2"}],"replies":[{"embeddable":true,"href":"https:\/\/construevo.com\/index.php?rest_route=%2Fwp%2Fv2%2Fcomments&post=6"}],"version-history":[{"count":5,"href":"https:\/\/construevo.com\/index.php?rest_route=\/wp\/v2\/pages\/6\/revisions"}],"predecessor-version":[{"id":249,"href":"https:\/\/construevo.com\/index.php?rest_route=\/wp\/v2\/pages\/6\/revisions\/249"}],"wp:attachment":[{"href":"https:\/\/construevo.com\/index.php?rest_route=%2Fwp%2Fv2%2Fmedia&parent=6"}],"curies":[{"name":"wp","href":"https:\/\/api.w.org\/{rel}","templated":true}]}}